{"id":3913,"date":"2025-11-26T13:01:32","date_gmt":"2025-11-26T12:01:32","guid":{"rendered":"https:\/\/hotelalmirante.servidortigres.com\/politique-de-temoins\/"},"modified":"2025-12-10T15:41:31","modified_gmt":"2025-12-10T14:41:31","slug":"politique-de-temoins","status":"publish","type":"page","link":"https:\/\/www.hotelalmirante.com\/fr\/politique-de-temoins\/","title":{"rendered":"Politique de t\u00e9moins"},"content":{"rendered":"\t\t<div data-elementor-type=\"wp-page\" data-elementor-id=\"3913\" class=\"elementor elementor-3913 elementor-3896\" data-elementor-post-type=\"page\">\n\t\t\t\t<div class=\"elementor-element elementor-element-4bd8b6f heroparalax e-flex e-con-boxed e-con e-parent\" data-id=\"4bd8b6f\" data-element_type=\"container\" data-e-type=\"container\" data-settings=\"{&quot;background_background&quot;:&quot;classic&quot;}\">\n\t\t\t\t\t<div class=\"e-con-inner\">\n\t\t\t\t\t<\/div>\n\t\t\t\t<\/div>\n\t\t<div class=\"elementor-element elementor-element-66be060c e-flex e-con-boxed e-con e-parent\" data-id=\"66be060c\" data-element_type=\"container\" data-e-type=\"container\">\n\t\t\t\t\t<div class=\"e-con-inner\">\n\t\t\t\t<div class=\"elementor-element elementor-element-ee0795b elementor-widget elementor-widget-heading\" data-id=\"ee0795b\" data-element_type=\"widget\" data-e-type=\"widget\" data-widget_type=\"heading.default\">\n\t\t\t\t<div class=\"elementor-widget-container\">\n\t\t\t\t\t<h2 class=\"elementor-heading-title elementor-size-default\">Politique de t\u00e9moins<\/h2>\t\t\t\t<\/div>\n\t\t\t\t<\/div>\n\t\t\t\t<div class=\"elementor-element elementor-element-5867c137 elementor-widget elementor-widget-text-editor\" data-id=\"5867c137\" data-element_type=\"widget\" data-e-type=\"widget\" data-widget_type=\"text-editor.default\">\n\t\t\t\t<div class=\"elementor-widget-container\">\n\t\t\t\t\t\t\t\t\t<p>L&rsquo;article 22.2 de la LSSIEC \u00e9tablit l&rsquo;obligation d&rsquo;informer et d&rsquo;obtenir l&rsquo;autorisation de l&rsquo;utilisateur, \u00e0 l&rsquo;exception des t\u00e9moins utilis\u00e9s aux fins suivantes ; (le groupe de travail article 29 a interpr\u00e9t\u00e9 dans son avis 4\/2012 que les t\u00e9moins exclus seraient les suivants)<\/p>\n<p>T\u00e9moins d&rsquo;entr\u00e9e de l&rsquo;utilisateur<br \/>T\u00e9moins d&rsquo;authentification ou d&rsquo;identification de l&rsquo;utilisateur<br \/>T\u00e9moins de s\u00e9curit\u00e9 des utilisateurs<br \/>T\u00e9moins de session de Media Player<br \/>T\u00e9moins de session pour \u00e9quilibrer la charge<br \/>T\u00e9moins de personnalisation de l&rsquo;interface de l&rsquo;utilisateur<br \/>T\u00e9moins de compl\u00e9ment plug-in pour l&rsquo;\u00e9change de contenus sociaux<\/p>\n<p>Si les t\u00e9moins que nous utilisons font partie de ces cat\u00e9gories, il n&rsquo;est pas n\u00e9cessaire de signaler ou d&rsquo;obtenir une autorisation. Pour le reste des t\u00e9moins qui peuvent \u00eatre utilis\u00e9s par le site Web, il est n\u00e9cessaire d&rsquo;informer et d&rsquo;obtenir l&rsquo;autorisation, y compris les t\u00e9moins d&rsquo;analyse, qui sont ceux qui permettent au responsable de suivre et d&rsquo;analyser le comportement des utilisateurs des sites Web auxquels ils sont li\u00e9s (des t\u00e9moins de ce type seront probablement utilis\u00e9s)<br \/>Nous utiliserons un message en deux couches<\/p>\n<p>COUCHE 1 \u2013 Politique sur les t\u00e9moins<br \/>Nous utilisons des t\u00e9moins propres et de tierces parties pour am\u00e9liorer nos services et pour vous montrer de la publicit\u00e9 li\u00e9e \u00e0 vos pr\u00e9f\u00e9rences en analysant vos habitudes de navigation. Si vous continuez \u00e0 naviguer, nous consid\u00e9rerons que vous acceptez leur utilisation. Vous pouvez modifier les param\u00e8tres ou obtenir plus d&rsquo;informations ici.<\/p>\n<p>COUCHE 2 (appara\u00eet lorsque vous cliquez ici) &#8211; Que sont les t\u00e9moins ?<br \/>Un t\u00e9moin est un fichier qui est t\u00e9l\u00e9charg\u00e9 sur votre ordinateur lorsque vous acc\u00e9dez \u00e0 certaines pages Web. Les t\u00e9moins permettent \u00e0 un site Web, entre autres choses, de stocker et de r\u00e9cup\u00e9rer des renseignements sur les habitudes de navigation d&rsquo;un utilisateur ou d&rsquo;un ordinateur et, selon les renseignements qu&rsquo;ils contiennent et la fa\u00e7on dont vous utilisez votre ordinateur, peuvent \u00eatre utilis\u00e9s pour vous reconna\u00eetre.<\/p>\n<p>Vous pouvez autoriser, bloquer ou supprimer les t\u00e9moins (Cookies) install\u00e9s sur votre ordinateur en configurant les options du navigateur Internet. Install\u00e9 dans votre ordinateur.<\/p>\n<p>Pour plus d&rsquo;informations sur le navigateur depuis cette page : http:\/\/support.mozilla.org\/es\/products\/firefox\/cookies<\/p>\n<p>Pour plus d&rsquo;informations sur le navigateur Chrome depuis cette page : http:\/\/support.google.com\/chrome\/bin\/answer.py?hl=es&amp;answer=95647<\/p>\n<p>Pour plus d&rsquo;informations sur le navigateur Explorer depuis cette page<br \/>http:\/\/windows.microsoft.com\/eses\/windows7\/how-to-manage-cookies-in-internet- explorer-9<\/p>\n<p>Pour plus d&rsquo;informations sur le navigateur Safari depuis cette page : http:\/\/support.apple.com\/kb\/ph5042<\/p>\n<p>Pour plus d&rsquo;informations sur le navigateur Opera http:\/\/help.opera.com\/Windows\/12.00\/es-ES\/cookies.html<\/p>\n\t\t\t\t\t\t\t\t<\/div>\n\t\t\t\t<\/div>\n\t\t\t\t<div class=\"elementor-element elementor-element-14bc10f elementor-widget elementor-widget-html\" data-id=\"14bc10f\" data-element_type=\"widget\" data-e-type=\"widget\" data-widget_type=\"html.default\">\n\t\t\t\t<div class=\"elementor-widget-container\">\n\t\t\t\t\t<h4>Informations fournies par Cookiebot<\/h4>\r\n<script id=\"CookieDeclaration\" src=\"https:\/\/consent.cookiebot.com\/e500be62-6f55-47af-bc88-38d94efc8a0b\/cd.js\" type=\"text\/javascript\" async><\/script>\t\t\t\t<\/div>\n\t\t\t\t<\/div>\n\t\t\t\t\t<\/div>\n\t\t\t\t<\/div>\n\t\t\t\t<\/div>\n\t\t","protected":false},"excerpt":{"rendered":"<p>L&rsquo;article 22.2 de la LSSIEC \u00e9tablit l&rsquo;obligation d&rsquo;informer et d&rsquo;obtenir l&rsquo;autorisation de l&rsquo;utilisateur, \u00e0 l&rsquo;exception des t\u00e9moins utilis\u00e9s aux fins suivantes ; (le groupe de travail article 29 a interpr\u00e9t\u00e9 dans son avis 4\/2012 que les t\u00e9moins exclus seraient les suivants) T\u00e9moins d&rsquo;entr\u00e9e de l&rsquo;utilisateurT\u00e9moins d&rsquo;authentification ou d&rsquo;identification de l&rsquo;utilisateurT\u00e9moins de s\u00e9curit\u00e9 des utilisateursT\u00e9moins de [&hellip;]<\/p>\n","protected":false},"author":3,"featured_media":0,"parent":0,"menu_order":0,"comment_status":"closed","ping_status":"closed","template":"","meta":{"_acf_changed":false,"footnotes":""},"class_list":["post-3913","page","type-page","status-publish","hentry"],"acf":[],"yoast_head":"<!-- This site is optimized with the Yoast SEO plugin v27.5 - https:\/\/yoast.com\/product\/yoast-seo-wordpress\/ -->\n<title>Politique de t\u00e9moins - Hotel Almirante<\/title>\n<meta name=\"robots\" content=\"noindex, nofollow\" \/>\n<meta property=\"og:locale\" content=\"fr_FR\" \/>\n<meta property=\"og:type\" content=\"article\" \/>\n<meta property=\"og:title\" content=\"Politique de t\u00e9moins - Hotel Almirante\" \/>\n<meta property=\"og:description\" content=\"L&rsquo;article 22.2 de la LSSIEC \u00e9tablit l&rsquo;obligation d&rsquo;informer et d&rsquo;obtenir l&rsquo;autorisation de l&rsquo;utilisateur, \u00e0 l&rsquo;exception des t\u00e9moins utilis\u00e9s aux fins suivantes ; (le groupe de travail article 29 a interpr\u00e9t\u00e9 dans son avis 4\/2012 que les t\u00e9moins exclus seraient les suivants) T\u00e9moins d&rsquo;entr\u00e9e de l&rsquo;utilisateurT\u00e9moins d&rsquo;authentification ou d&rsquo;identification de l&rsquo;utilisateurT\u00e9moins de s\u00e9curit\u00e9 des utilisateursT\u00e9moins de [&hellip;]\" \/>\n<meta property=\"og:url\" content=\"https:\/\/www.hotelalmirante.com\/fr\/politique-de-temoins\/\" \/>\n<meta property=\"og:site_name\" content=\"Hotel Almirante\" \/>\n<meta property=\"article:modified_time\" content=\"2025-12-10T14:41:31+00:00\" \/>\n<meta name=\"twitter:card\" content=\"summary_large_image\" \/>\n<meta name=\"twitter:label1\" content=\"Dur\u00e9e de lecture estim\u00e9e\" \/>\n\t<meta name=\"twitter:data1\" content=\"2 minutes\" \/>\n<script type=\"application\/ld+json\" class=\"yoast-schema-graph\">{\"@context\":\"https:\\\/\\\/schema.org\",\"@graph\":[{\"@type\":\"WebPage\",\"@id\":\"https:\\\/\\\/www.hotelalmirante.com\\\/fr\\\/politique-de-temoins\\\/\",\"url\":\"https:\\\/\\\/www.hotelalmirante.com\\\/fr\\\/politique-de-temoins\\\/\",\"name\":\"Politique de t\u00e9moins - Hotel Almirante\",\"isPartOf\":{\"@id\":\"https:\\\/\\\/www.hotelalmirante.com\\\/fr\\\/#website\"},\"datePublished\":\"2025-11-26T12:01:32+00:00\",\"dateModified\":\"2025-12-10T14:41:31+00:00\",\"breadcrumb\":{\"@id\":\"https:\\\/\\\/www.hotelalmirante.com\\\/fr\\\/politique-de-temoins\\\/#breadcrumb\"},\"inLanguage\":\"fr-FR\",\"potentialAction\":[{\"@type\":\"ReadAction\",\"target\":[\"https:\\\/\\\/www.hotelalmirante.com\\\/fr\\\/politique-de-temoins\\\/\"]}]},{\"@type\":\"BreadcrumbList\",\"@id\":\"https:\\\/\\\/www.hotelalmirante.com\\\/fr\\\/politique-de-temoins\\\/#breadcrumb\",\"itemListElement\":[{\"@type\":\"ListItem\",\"position\":1,\"name\":\"Home\",\"item\":\"https:\\\/\\\/www.hotelalmirante.com\\\/fr\\\/\"},{\"@type\":\"ListItem\",\"position\":2,\"name\":\"Politique de t\u00e9moins\"}]},{\"@type\":\"WebSite\",\"@id\":\"https:\\\/\\\/www.hotelalmirante.com\\\/fr\\\/#website\",\"url\":\"https:\\\/\\\/www.hotelalmirante.com\\\/fr\\\/\",\"name\":\"Hotel Almirante\",\"description\":\"\",\"publisher\":{\"@id\":\"https:\\\/\\\/www.hotelalmirante.com\\\/fr\\\/#organization\"},\"potentialAction\":[{\"@type\":\"SearchAction\",\"target\":{\"@type\":\"EntryPoint\",\"urlTemplate\":\"https:\\\/\\\/www.hotelalmirante.com\\\/fr\\\/?s={search_term_string}\"},\"query-input\":{\"@type\":\"PropertyValueSpecification\",\"valueRequired\":true,\"valueName\":\"search_term_string\"}}],\"inLanguage\":\"fr-FR\"},{\"@type\":\"Organization\",\"@id\":\"https:\\\/\\\/www.hotelalmirante.com\\\/fr\\\/#organization\",\"name\":\"Hotel Almirante\",\"url\":\"https:\\\/\\\/www.hotelalmirante.com\\\/fr\\\/\",\"logo\":{\"@type\":\"ImageObject\",\"inLanguage\":\"fr-FR\",\"@id\":\"https:\\\/\\\/www.hotelalmirante.com\\\/fr\\\/#\\\/schema\\\/logo\\\/image\\\/\",\"url\":\"https:\\\/\\\/www.hotelalmirante.com\\\/wp-content\\\/uploads\\\/2025\\\/12\\\/logo_opengraph.png\",\"contentUrl\":\"https:\\\/\\\/www.hotelalmirante.com\\\/wp-content\\\/uploads\\\/2025\\\/12\\\/logo_opengraph.png\",\"width\":200,\"height\":200,\"caption\":\"Hotel Almirante\"},\"image\":{\"@id\":\"https:\\\/\\\/www.hotelalmirante.com\\\/fr\\\/#\\\/schema\\\/logo\\\/image\\\/\"}}]}<\/script>\n<!-- \/ Yoast SEO plugin. -->","yoast_head_json":{"title":"Politique de t\u00e9moins - Hotel Almirante","robots":{"index":"noindex","follow":"nofollow"},"og_locale":"fr_FR","og_type":"article","og_title":"Politique de t\u00e9moins - Hotel Almirante","og_description":"L&rsquo;article 22.2 de la LSSIEC \u00e9tablit l&rsquo;obligation d&rsquo;informer et d&rsquo;obtenir l&rsquo;autorisation de l&rsquo;utilisateur, \u00e0 l&rsquo;exception des t\u00e9moins utilis\u00e9s aux fins suivantes ; (le groupe de travail article 29 a interpr\u00e9t\u00e9 dans son avis 4\/2012 que les t\u00e9moins exclus seraient les suivants) T\u00e9moins d&rsquo;entr\u00e9e de l&rsquo;utilisateurT\u00e9moins d&rsquo;authentification ou d&rsquo;identification de l&rsquo;utilisateurT\u00e9moins de s\u00e9curit\u00e9 des utilisateursT\u00e9moins de [&hellip;]","og_url":"https:\/\/www.hotelalmirante.com\/fr\/politique-de-temoins\/","og_site_name":"Hotel Almirante","article_modified_time":"2025-12-10T14:41:31+00:00","twitter_card":"summary_large_image","twitter_misc":{"Dur\u00e9e de lecture estim\u00e9e":"2 minutes"},"schema":{"@context":"https:\/\/schema.org","@graph":[{"@type":"WebPage","@id":"https:\/\/www.hotelalmirante.com\/fr\/politique-de-temoins\/","url":"https:\/\/www.hotelalmirante.com\/fr\/politique-de-temoins\/","name":"Politique de t\u00e9moins - Hotel Almirante","isPartOf":{"@id":"https:\/\/www.hotelalmirante.com\/fr\/#website"},"datePublished":"2025-11-26T12:01:32+00:00","dateModified":"2025-12-10T14:41:31+00:00","breadcrumb":{"@id":"https:\/\/www.hotelalmirante.com\/fr\/politique-de-temoins\/#breadcrumb"},"inLanguage":"fr-FR","potentialAction":[{"@type":"ReadAction","target":["https:\/\/www.hotelalmirante.com\/fr\/politique-de-temoins\/"]}]},{"@type":"BreadcrumbList","@id":"https:\/\/www.hotelalmirante.com\/fr\/politique-de-temoins\/#breadcrumb","itemListElement":[{"@type":"ListItem","position":1,"name":"Home","item":"https:\/\/www.hotelalmirante.com\/fr\/"},{"@type":"ListItem","position":2,"name":"Politique de t\u00e9moins"}]},{"@type":"WebSite","@id":"https:\/\/www.hotelalmirante.com\/fr\/#website","url":"https:\/\/www.hotelalmirante.com\/fr\/","name":"Hotel Almirante","description":"","publisher":{"@id":"https:\/\/www.hotelalmirante.com\/fr\/#organization"},"potentialAction":[{"@type":"SearchAction","target":{"@type":"EntryPoint","urlTemplate":"https:\/\/www.hotelalmirante.com\/fr\/?s={search_term_string}"},"query-input":{"@type":"PropertyValueSpecification","valueRequired":true,"valueName":"search_term_string"}}],"inLanguage":"fr-FR"},{"@type":"Organization","@id":"https:\/\/www.hotelalmirante.com\/fr\/#organization","name":"Hotel Almirante","url":"https:\/\/www.hotelalmirante.com\/fr\/","logo":{"@type":"ImageObject","inLanguage":"fr-FR","@id":"https:\/\/www.hotelalmirante.com\/fr\/#\/schema\/logo\/image\/","url":"https:\/\/www.hotelalmirante.com\/wp-content\/uploads\/2025\/12\/logo_opengraph.png","contentUrl":"https:\/\/www.hotelalmirante.com\/wp-content\/uploads\/2025\/12\/logo_opengraph.png","width":200,"height":200,"caption":"Hotel Almirante"},"image":{"@id":"https:\/\/www.hotelalmirante.com\/fr\/#\/schema\/logo\/image\/"}}]}},"_links":{"self":[{"href":"https:\/\/www.hotelalmirante.com\/fr\/wp-json\/wp\/v2\/pages\/3913","targetHints":{"allow":["GET"]}}],"collection":[{"href":"https:\/\/www.hotelalmirante.com\/fr\/wp-json\/wp\/v2\/pages"}],"about":[{"href":"https:\/\/www.hotelalmirante.com\/fr\/wp-json\/wp\/v2\/types\/page"}],"author":[{"embeddable":true,"href":"https:\/\/www.hotelalmirante.com\/fr\/wp-json\/wp\/v2\/users\/3"}],"replies":[{"embeddable":true,"href":"https:\/\/www.hotelalmirante.com\/fr\/wp-json\/wp\/v2\/comments?post=3913"}],"version-history":[{"count":2,"href":"https:\/\/www.hotelalmirante.com\/fr\/wp-json\/wp\/v2\/pages\/3913\/revisions"}],"predecessor-version":[{"id":5229,"href":"https:\/\/www.hotelalmirante.com\/fr\/wp-json\/wp\/v2\/pages\/3913\/revisions\/5229"}],"wp:attachment":[{"href":"https:\/\/www.hotelalmirante.com\/fr\/wp-json\/wp\/v2\/media?parent=3913"}],"curies":[{"name":"wp","href":"https:\/\/api.w.org\/{rel}","templated":true}]}}