{"id":3909,"date":"2025-11-26T12:46:58","date_gmt":"2025-11-26T11:46:58","guid":{"rendered":"https:\/\/hotelalmirante.servidortigres.com\/mentions-legales\/"},"modified":"2025-12-10T12:38:07","modified_gmt":"2025-12-10T11:38:07","slug":"mentions-legales","status":"publish","type":"page","link":"https:\/\/www.hotelalmirante.com\/fr\/mentions-legales\/","title":{"rendered":"Mentions l\u00e9gales"},"content":{"rendered":"\t\t<div data-elementor-type=\"wp-page\" data-elementor-id=\"3909\" class=\"elementor elementor-3909 elementor-3885\" data-elementor-post-type=\"page\">\n\t\t\t\t<div class=\"elementor-element elementor-element-4bd8b6f heroparalax e-flex e-con-boxed e-con e-parent\" data-id=\"4bd8b6f\" data-element_type=\"container\" data-e-type=\"container\" data-settings=\"{&quot;background_background&quot;:&quot;classic&quot;}\">\n\t\t\t\t\t<div class=\"e-con-inner\">\n\t\t\t\t\t<\/div>\n\t\t\t\t<\/div>\n\t\t<div class=\"elementor-element elementor-element-66be060c e-flex e-con-boxed e-con e-parent\" data-id=\"66be060c\" data-element_type=\"container\" data-e-type=\"container\">\n\t\t\t\t\t<div class=\"e-con-inner\">\n\t\t\t\t<div class=\"elementor-element elementor-element-ee0795b elementor-widget elementor-widget-heading\" data-id=\"ee0795b\" data-element_type=\"widget\" data-e-type=\"widget\" data-widget_type=\"heading.default\">\n\t\t\t\t<div class=\"elementor-widget-container\">\n\t\t\t\t\t<h2 class=\"elementor-heading-title elementor-size-default\">Mentions l\u00e9gales<\/h2>\t\t\t\t<\/div>\n\t\t\t\t<\/div>\n\t\t\t\t<div class=\"elementor-element elementor-element-5867c137 elementor-widget elementor-widget-text-editor\" data-id=\"5867c137\" data-element_type=\"widget\" data-e-type=\"widget\" data-widget_type=\"text-editor.default\">\n\t\t\t\t<div class=\"elementor-widget-container\">\n\t\t\t\t\t\t\t\t\t<p><strong>CONDITIONS D&rsquo;UTILISATION DE CE SITE WEB<\/strong><br \/>Cuenca Miralles S.L. en tant que responsable du site web, conform\u00e9ment aux dispositions du r\u00e8glement (UE) 2016\/679 du 27 avril 2016 (RGPD) relatif \u00e0 la protection des personnes physiques \u00e0 l&rsquo;\u00e9gard du traitement des donn\u00e9es \u00e0 caract\u00e8re personnel et \u00e0 la libre circulation de ces donn\u00e9es et aux autres r\u00e9glementations en vigueur en mati\u00e8re de protection des donn\u00e9es personnelles, et par la loi 34\/2002, du 11 juillet, relative aux services de la soci\u00e9t\u00e9 de l&rsquo;information et au commerce \u00e9lectronique (LSSICE), vous informe qu&rsquo;elle a mis en place les mesures de s\u00e9curit\u00e9 de nature technique et organisationnelle n\u00e9cessaires pour garantir et prot\u00e9ger la confidentialit\u00e9, l&rsquo;int\u00e9grit\u00e9 et la disponibilit\u00e9 des donn\u00e9es saisies.<\/p>\n<p>Raison sociale : Cuenca Miralles S.L.<br \/>Num\u00e9ro d&rsquo;identification fiscale : B50030303<br \/>Inscrite au Registre du Commerce d&rsquo;Alicante, dans le volume 1674 &#8211; Livre 0 &#8211; Folio 45 &#8211; Feuille A \u2013 25364.<br \/>Si\u00e8ge social : Avda. de Niza, 38 03540 ALICANTE (ALICANTE) Espagne<br \/>Courriel : protecciondatos@hotelalmirante.com T\u00e9l\u00e9phone : +34 965650112<\/p>\n<p>Ce site web a \u00e9t\u00e9 cr\u00e9\u00e9 par Cuenca Miralles S.L \u00e0 caract\u00e8re informatif et pour l&rsquo;usage personnel des utilisateurs. Par le pr\u00e9sent avis juridique, il est pr\u00e9vu de r\u00e9glementer l&rsquo;acc\u00e8s et l&rsquo;utilisation de ce site Web, ainsi que les relations entre le site Web et ses utilisateurs. En acc\u00e9dant \u00e0 ce site Web, vous acceptez les conditions g\u00e9n\u00e9rales suivantes. Le simple acc\u00e8s \u00e0 ce site web n&rsquo;implique aucun type de relation commerciale entre Cuenca Miralles S.L et l&rsquo;utilisateur.<\/p>\n<p>L&rsquo;acc\u00e8s et la navigation sur ce site impliquent l&rsquo;acceptation et la connaissance des avertissements l\u00e9gaux, conditions et termes d&rsquo;utilisation qu&rsquo;il contient.<br \/>Le titulaire du site peut proposer des services ou des produits qui peuvent \u00eatre soumis \u00e0 des conditions particuli\u00e8res qui, le cas \u00e9ch\u00e9ant, remplacent, compl\u00e8tent et\/ou modifient ces conditions, et qui seront communiqu\u00e9es \u00e0 l&rsquo;utilisateur dans chaque cas<\/p>\n<p><strong>Politique de confidentialit\u00e9<\/strong><\/p>\n<p>Aux fins de la Loi Organique 15\/1999, du 13 d\u00e9cembre, sur la Protection des Donn\u00e9es \u00e0 Caract\u00e8re Personnel, nous vous informons que les donn\u00e9es personnelles fournies seront incorpor\u00e9es (ou mises \u00e0 jour) dans les fichiers d\u2019Cuenca Miralles S.L. dont l&rsquo;adresse est Avda. de Niza, 38 03540 ALICANTE (ALICANTE) Espagne. Le traitement des donn\u00e9es aura pour finalit\u00e9 l&rsquo;identification et le contr\u00f4le des utilisateurs du site www.hotelalmirante.com et implique l&rsquo;autorisation de l&rsquo;int\u00e9ress\u00e9. Il vous informe \u00e9galement de l&rsquo;envoi d&rsquo;informations concernant les produits ou services de la soci\u00e9t\u00e9. Vous disposez d&rsquo;un droit d&rsquo;acc\u00e8s, de rectification, d&rsquo;annulation et d&rsquo;opposition dans les conditions pr\u00e9vues par la loi, que vous pouvez exercer en \u00e9crivant \u00e0 la personne responsable \u00e0 l&rsquo;adresse ci-dessus.<\/p>\n<p><strong>Propri\u00e9t\u00e9 intellectuelle<\/strong><\/p>\n<p>Le code source, la conception graphique, les images, les photographies, les sons, les animations, les logiciels, les textes, ainsi que les informations et les contenus recueillis au nom de l&rsquo;entreprise sont prot\u00e9g\u00e9s par la l\u00e9gislation espagnole sur les droits de propri\u00e9t\u00e9 intellectuelle et industrielle en faveur de la raison sociale d\u2019Cuenca Miralles S.L et aucune partie du site ne peut \u00eatre reproduit et\/ou publi\u00e9, distribu\u00e9, diffus\u00e9, modifi\u00e9, transform\u00e9 ou divis\u00e9, ou trait\u00e9 de toute mani\u00e8re qui viole les droits l\u00e9galement reconnus du titulaire, sans le consentement \u00e9crit pr\u00e9alable de ce dernier, Cuenca Miralles S.L<br \/>L&rsquo;utilisateur peut utiliser, uniquement et exclusivement, le mat\u00e9riel qui appara\u00eet dans ce site web pour son usage personnel et priv\u00e9, \u00e9tant interdit son utilisation \u00e0 des fins commerciales ou pour des activit\u00e9s illicites. Tous les droits de propri\u00e9t\u00e9 intellectuelle sont express\u00e9ment r\u00e9serv\u00e9s par Cuenca Miralles S.L.<br \/>Cuenca Miralles S.L s&rsquo;assurera du respect des conditions ci-dessus et de la bonne utilisation des contenus pr\u00e9sent\u00e9s sur son site web, en exer\u00e7ant toutes les actions civiles et p\u00e9nales applicables en cas d&rsquo;infraction ou de violation de ces droits par l&rsquo;utilisateur.<\/p>\n<p><strong>Acc\u00e8s en tant qu&rsquo;utilisateur<\/strong><\/p>\n<p>Un utilisateur peut \u00eatre tenu de fournir certaines donn\u00e9es d&rsquo;enregistrement. Une condition n\u00e9cessaire pour l&rsquo;utilisation de ce site web, des services et des documents qui y sont publi\u00e9s est que toutes les donn\u00e9es d&rsquo;enregistrement transmises par l&rsquo;utilisateur soient maintenant et \u00e0 l&rsquo;avenir correctes, vraies et compl\u00e8tes et correspondent \u00e0 la situation actuelle.<br \/>Vous acceptez d&rsquo;informer Cuenca Miralles S.L. sans d\u00e9lai de toute modification de votre inscription. Cette communication devra \u00eatre adress\u00e9e \u00e0 l&rsquo;adresse postale ou \u00e9lectronique d\u2019Cuenca Miralles S.L. indiqu\u00e9e \u00e0 cet effet sur ce site.<\/p>\n<p>Cuenca Miralles S.L a le droit de refuser \u00e0 l&rsquo;utilisateur l&rsquo;acc\u00e8s \u00e0 ce site Web et\/ou \u00e0 l&rsquo;une quelconque de ses ressources, services et contenus et, le cas \u00e9ch\u00e9ant, d&rsquo;annuler ou de suspendre le compte client existant, s&rsquo;il estime que les donn\u00e9es sont incorrectes, inexactes ou incompl\u00e8tes ou s&rsquo;il consid\u00e8re pour d&rsquo;autres raisons, \u00e0 sa discr\u00e9tion, de telles mesures appropri\u00e9es<\/p>\n<p><strong>Mots de passe et donn\u00e9es du client<\/strong><\/p>\n<p>Il est de la responsabilit\u00e9 de l&rsquo;utilisateur de garder secret son mot de passe, ses num\u00e9ros de compte et autres donn\u00e9es existantes, ainsi que toutes les activit\u00e9s effectu\u00e9es en rapport avec le compte de l&rsquo;utilisateur. Toute utilisation non autoris\u00e9e du compte de l&rsquo;utilisateur ou toute autre violation de la s\u00e9curit\u00e9 doit \u00eatre communiqu\u00e9e imm\u00e9diatement \u00e0 Cuenca Miralles S.L. Vos donn\u00e9es d&rsquo;acc\u00e8s sont valables exclusivement pour vous et vous n&rsquo;\u00eates pas autoris\u00e9 \u00e0 divulguer votre nom de compte, identifiant ou mot de passe \u00e0 d&rsquo;autres personnes ou \u00e0 les rendre disponibles pour elles. Toute divulgation de votre nom de compte et de votre mot de passe par vous-m\u00eame pourrait entra\u00eener l&rsquo;annulation de votre acc\u00e8s et les responsabilit\u00e9s qui en d\u00e9coulent seront assum\u00e9es exclusivement par vous.<\/p>\n<p><strong>Utilisations permises et interdites de ce site web<\/strong><\/p>\n<p>Cuenca Miralles S.L accorde \u00e0 l&rsquo;utilisateur une autorisation limit\u00e9e d&rsquo;acc\u00e9der \u00e0 ce site Web et \u00e0 son contenu et de l&rsquo;utiliser comme support et moyen de communication uniquement aux fins sp\u00e9cifi\u00e9es sur ce site Web, \u00e0 condition que toutes les indications relatives \u00e0 la propri\u00e9t\u00e9 intellectuelle et aux droits prot\u00e9g\u00e9s (le cas \u00e9ch\u00e9ant) concernant le contenu du site Web soient respect\u00e9es.<br \/>Toutes les autres utilisations du site Web, y compris l&rsquo;utilisation \u00e0 des fins autres que celles mentionn\u00e9es ci-dessus, ainsi que la modification, la distribution, la transmission et le t\u00e9l\u00e9chargement du site (\u00e0 l&rsquo;exception de la mise en cache de pages), la nouvelle publication ou Reverse Engineering, sans autorisation \u00e9crite pr\u00e9alable d&rsquo;Cuenca Miralles S.L. sont interdites (\u00e0 condition que cette interdiction ne soit pas exclue conform\u00e9ment \u00e0 la loi applicable). L&rsquo;autorisation d&rsquo;utilisation du site Web n&rsquo;inclut pas, \u00e0 titre indicatif, l&rsquo;exploitation commerciale ou la distribution du contenu du site Web, l&rsquo;enregistrement de toutes listes, descriptions ou prix de produits, supports ou services, ainsi que l&rsquo;utilisation d\u00e9riv\u00e9e de ce site Web ou de son contenu (y compris le framing), le t\u00e9l\u00e9chargement ou la copie d&rsquo;informations pour le b\u00e9n\u00e9fice d&rsquo;autres marchands, toute utilisation d&rsquo;outils d&rsquo;exploration de donn\u00e9es, de robots ou autres pour l&rsquo;enregistrement et l&rsquo;extraction de donn\u00e9es, toute utilisation de contenu de site Web dans tout environnement du site Web, serveur ou ordinateurs inclus dans un r\u00e9seau, ou l&rsquo;utilisation de contenu de site Web qui sugg\u00e8re une relation avec des produits, supports ou services de toute nature de, Cuenca Miralles S.L.<\/p>\n<p><strong>Aucune garantie sur toutes les informations contenues<\/strong><\/p>\n<p>Cuenca Miralles S.L s&rsquo;engage par les pr\u00e9sentes \u00e0 NE PAS S&rsquo;ENGAGER DANS UNE PUBLICIT\u00c9 MENSONG\u00c8RE. A cet effet, la publicit\u00e9 trompeuse ne comprend pas les erreurs formelles ou num\u00e9riques qui peuvent se trouver dans les diff\u00e9rentes rubriques du site web d&rsquo;Cuenca Miralles S.L. suite \u00e0 une maintenance ou une mise \u00e0 jour incompl\u00e8te ou erron\u00e9e des informations contenues dans ces rubriques. Cuenca Miralles S.L. s&rsquo;engage, en cons\u00e9quence des dispositions du pr\u00e9sent paragraphe, \u00e0 corriger ces d\u00e9fauts d\u00e8s qu&rsquo;elle en a connaissance. Bien qu&rsquo;Cuenca Miralles S.L. ait essay\u00e9 de v\u00e9rifier l&rsquo;exactitude, la fiabilit\u00e9 et l&rsquo;actualit\u00e9 de tout le contenu du site web, y compris &#8211; \u00e0 titre d&rsquo;exemple et le cas \u00e9ch\u00e9ant &#8211; les donn\u00e9es sur les produits, prix, caract\u00e9ristiques, services, support et autres, ainsi que les descriptions re\u00e7ues de tiers, Cuenca Miralles S.L ne donne toutefois aucune garantie concernant l&rsquo;exactitude des d\u00e9clarations de toute nature, contenues sur ce site. Tous les documents, produits, supports, services ou informations contenus sur ce site Web ou auxquels il est fait r\u00e9f\u00e9rence peuvent \u00eatre obsol\u00e8tes. Cuenca Miralles S.L. ne s&rsquo;engage pas \u00e0 mettre \u00e0 jour en permanence le contenu du site, Cuenca Miralles S.L est exon\u00e9r\u00e9e de toute responsabilit\u00e9 pour les erreurs ou omissions de toute nature dans le contenu du site Web (\u00e0 condition que cette exon\u00e9ration ne soit pas incompatible avec les garanties et autres conditions qui peuvent avoir \u00e9t\u00e9 \u00e9tablies en ce qui concerne les ventes de produits ou services, Cuenca Miralles S.L Toute d\u00e9cision prise sur la base des informations incluses dans le contenu du site (ou utilisateur) est pour la seule responsabilit\u00e9 de l&rsquo;utilisateur.<br \/>Cuenca Miralles S.L ne garantit pas que les fonctions ou services de ce site Web ou d&rsquo;autres interactions par l&rsquo;interm\u00e9diaire de ce site Web seront disponibles de fa\u00e7on continue, ininterrompue, s\u00e9curitaire et sans erreur, ou que toutes les erreurs seront corrig\u00e9es ou que ce site Web ou le serveur qui le rend disponible sera exempt de virus ou autres \u00e9l\u00e9ments nuisibles. Cuenca Miralles S.L. n&rsquo;assume aucune responsabilit\u00e9 pour tout dommage ou virus qui endommage ou envahit votre \u00e9quipement informatique ou d&rsquo;autres biens \u00e0 la suite de votre acc\u00e8s ou de votre utilisation de ce site Web, y compris, sans s&rsquo;y limiter, le t\u00e9l\u00e9chargement d&rsquo;images, de logiciels ou d&rsquo;autres contenus du site Web. Si le contenu du site Web g\u00e9n\u00e8re un besoin de service, de r\u00e9paration ou de correction de l&rsquo;\u00e9quipement ou des fichiers, tous les co\u00fbts encourus par ce dernier sont \u00e0 la charge de l&rsquo;utilisateur.<\/p>\n<p><strong>Liens vers ce site web<\/strong><\/p>\n<p>Cuenca Miralles S.L. peut \u00e9tablir des hyperliens vers d&rsquo;autres sites Internet ou leurs ressources. L&rsquo;acceptation de ces liens vers ce site web n&rsquo;est que par complaisance et n&rsquo;implique pas qu&rsquo;Cuenca Miralles S.L. accepte l&rsquo;autre site web ou toute relation avec les op\u00e9rateurs de celui-ci. Cuenca Miralles S.L. demande aux utilisateurs d&rsquo;utiliser leur propre jugement lorsqu&rsquo;ils visitent des sites et des ressources externes. Les relations qu&rsquo;un utilisateur \u00e9tablit avec des sites Web externes sont uniquement \u00e0 ses propres risques.<br \/>Cuenca Miralles S.L Cuenca Miralles S.L. n&rsquo;a pas v\u00e9rifi\u00e9 l&rsquo;exactitude ou la fiabilit\u00e9 de l&rsquo;information sur les sites web qui sont li\u00e9s par des liens ou qui sont accessibles par ce site web ou qui contiennent des liens vers le(s) site(s) web de Cuenca Miralles S.L. ne g\u00e8re pas les contenus, promotion, produits, supports, services ou autres mat\u00e9riaux qui peuvent \u00eatre obtenus sur ou via ces sites et n&rsquo;assume aucune obligation concernant ces mat\u00e9riels. Cuenca Miralles S.L n&rsquo;est pas responsable de l&rsquo;exactitude, du respect des droits d&rsquo;auteur, de la l\u00e9gitimit\u00e9 ou de la d\u00e9cence du mat\u00e9riel et de l&rsquo;information contenus sur les sites Web, \u00e0 l&rsquo;exclusion de toute garantie pour ceux-ci, qui est implicitement comprise comme \u00e9tant inclus. Cuenca Miralles S.L. n&rsquo;assume aucune responsabilit\u00e9, directe ou indirecte, pour tout dommage caus\u00e9 ou suppos\u00e9ment caus\u00e9 par l&rsquo;utilisation de tout contenu, produit, support ou service disponible sur ou \u00e0 travers des sites web ou ressources externes, ou par la confiance en eux.<\/p>\n<p><strong>Utilisation des t\u00e9moins de session<\/strong><\/p>\n<p>Afin de contr\u00f4ler la session de l&rsquo;utilisateur, le site Web, Cuenca Miralles S.L. utilise des t\u00e9moins de session lorsque l&rsquo;utilisateur visite les sites et pages Web. Gr\u00e2ce \u00e0 ces t\u00e9moins, le syst\u00e8me identifie l&rsquo;utilisateur, lui \u00e9vitant ainsi d&rsquo;avoir \u00e0 saisir \u00e0 nouveau son nom d&rsquo;utilisateur et son mot de passe, tout en lui permettant de conserver des personnalisations, des donn\u00e9es relatives aux achats en cours et d&rsquo;autres donn\u00e9es du compte de l&rsquo;entreprise cliente. Les t\u00e9moins utilis\u00e9s ne peuvent pas lire les donn\u00e9es de votre disque dur. Dans ces t\u00e9moins sont stock\u00e9s des codes identifiant la session \u00e9tablie et non de votre personne. Les t\u00e9moins utilis\u00e9s ne sont pas nuisibles et ne sont utilis\u00e9s que pendant la session de l&rsquo;utilisateur.<\/p>\n<p><strong>R\u00e9solution des conflits internationaux<\/strong><\/p>\n<p>Pour la r\u00e9solution de tout litige qui pourrait survenir avec des clients ou des utilisateurs de cette page r\u00e9sidant dans l&rsquo;UE, nous vous invitons \u00e0 consulter la PLATE-FORME INTERNATIONALE DE CONFLITS en cliquant sur<br \/>le lien suivant<\/p>\n<p><a href=\"http:\/\/ec.europa.eu\/consumers\/odr\/\" target=\"_blank\" rel=\"noopener noreferrer nofollow\">http:\/\/ec.europa.eu\/consumers\/odr\/<\/a><\/p>\n\t\t\t\t\t\t\t\t<\/div>\n\t\t\t\t<\/div>\n\t\t\t\t\t<\/div>\n\t\t\t\t<\/div>\n\t\t\t\t<\/div>\n\t\t","protected":false},"excerpt":{"rendered":"<p>CONDITIONS D&rsquo;UTILISATION DE CE SITE WEBCuenca Miralles S.L. en tant que responsable du site web, conform\u00e9ment aux dispositions du r\u00e8glement (UE) 2016\/679 du 27 avril 2016 (RGPD) relatif \u00e0 la protection des personnes physiques \u00e0 l&rsquo;\u00e9gard du traitement des donn\u00e9es \u00e0 caract\u00e8re personnel et \u00e0 la libre circulation de ces donn\u00e9es et aux autres r\u00e9glementations [&hellip;]<\/p>\n","protected":false},"author":3,"featured_media":0,"parent":0,"menu_order":0,"comment_status":"closed","ping_status":"closed","template":"","meta":{"_acf_changed":false,"footnotes":""},"class_list":["post-3909","page","type-page","status-publish","hentry"],"acf":[],"yoast_head":"<!-- This site is optimized with the Yoast SEO plugin v27.5 - https:\/\/yoast.com\/product\/yoast-seo-wordpress\/ -->\n<title>Mentions l\u00e9gales - Hotel Almirante<\/title>\n<meta name=\"robots\" content=\"index, follow, max-snippet:-1, max-image-preview:large, max-video-preview:-1\" \/>\n<link rel=\"canonical\" href=\"https:\/\/www.hotelalmirante.com\/fr\/mentions-legales\/\" \/>\n<meta property=\"og:locale\" content=\"fr_FR\" \/>\n<meta property=\"og:type\" content=\"article\" \/>\n<meta property=\"og:title\" content=\"Mentions l\u00e9gales - Hotel Almirante\" \/>\n<meta property=\"og:description\" content=\"CONDITIONS D&rsquo;UTILISATION DE CE SITE WEBCuenca Miralles S.L. en tant que responsable du site web, conform\u00e9ment aux dispositions du r\u00e8glement (UE) 2016\/679 du 27 avril 2016 (RGPD) relatif \u00e0 la protection des personnes physiques \u00e0 l&rsquo;\u00e9gard du traitement des donn\u00e9es \u00e0 caract\u00e8re personnel et \u00e0 la libre circulation de ces donn\u00e9es et aux autres r\u00e9glementations [&hellip;]\" \/>\n<meta property=\"og:url\" content=\"https:\/\/www.hotelalmirante.com\/fr\/mentions-legales\/\" \/>\n<meta property=\"og:site_name\" content=\"Hotel Almirante\" \/>\n<meta property=\"article:modified_time\" content=\"2025-12-10T11:38:07+00:00\" \/>\n<meta name=\"twitter:card\" content=\"summary_large_image\" \/>\n<meta name=\"twitter:label1\" content=\"Dur\u00e9e de lecture estim\u00e9e\" \/>\n\t<meta name=\"twitter:data1\" content=\"11 minutes\" \/>\n<script type=\"application\/ld+json\" class=\"yoast-schema-graph\">{\"@context\":\"https:\\\/\\\/schema.org\",\"@graph\":[{\"@type\":\"WebPage\",\"@id\":\"https:\\\/\\\/www.hotelalmirante.com\\\/fr\\\/mentions-legales\\\/\",\"url\":\"https:\\\/\\\/www.hotelalmirante.com\\\/fr\\\/mentions-legales\\\/\",\"name\":\"Mentions l\u00e9gales - Hotel Almirante\",\"isPartOf\":{\"@id\":\"https:\\\/\\\/www.hotelalmirante.com\\\/fr\\\/#website\"},\"datePublished\":\"2025-11-26T11:46:58+00:00\",\"dateModified\":\"2025-12-10T11:38:07+00:00\",\"breadcrumb\":{\"@id\":\"https:\\\/\\\/www.hotelalmirante.com\\\/fr\\\/mentions-legales\\\/#breadcrumb\"},\"inLanguage\":\"fr-FR\",\"potentialAction\":[{\"@type\":\"ReadAction\",\"target\":[\"https:\\\/\\\/www.hotelalmirante.com\\\/fr\\\/mentions-legales\\\/\"]}]},{\"@type\":\"BreadcrumbList\",\"@id\":\"https:\\\/\\\/www.hotelalmirante.com\\\/fr\\\/mentions-legales\\\/#breadcrumb\",\"itemListElement\":[{\"@type\":\"ListItem\",\"position\":1,\"name\":\"Home\",\"item\":\"https:\\\/\\\/www.hotelalmirante.com\\\/fr\\\/\"},{\"@type\":\"ListItem\",\"position\":2,\"name\":\"Mentions l\u00e9gales\"}]},{\"@type\":\"WebSite\",\"@id\":\"https:\\\/\\\/www.hotelalmirante.com\\\/fr\\\/#website\",\"url\":\"https:\\\/\\\/www.hotelalmirante.com\\\/fr\\\/\",\"name\":\"Hotel Almirante\",\"description\":\"\",\"publisher\":{\"@id\":\"https:\\\/\\\/www.hotelalmirante.com\\\/fr\\\/#organization\"},\"potentialAction\":[{\"@type\":\"SearchAction\",\"target\":{\"@type\":\"EntryPoint\",\"urlTemplate\":\"https:\\\/\\\/www.hotelalmirante.com\\\/fr\\\/?s={search_term_string}\"},\"query-input\":{\"@type\":\"PropertyValueSpecification\",\"valueRequired\":true,\"valueName\":\"search_term_string\"}}],\"inLanguage\":\"fr-FR\"},{\"@type\":\"Organization\",\"@id\":\"https:\\\/\\\/www.hotelalmirante.com\\\/fr\\\/#organization\",\"name\":\"Hotel Almirante\",\"url\":\"https:\\\/\\\/www.hotelalmirante.com\\\/fr\\\/\",\"logo\":{\"@type\":\"ImageObject\",\"inLanguage\":\"fr-FR\",\"@id\":\"https:\\\/\\\/www.hotelalmirante.com\\\/fr\\\/#\\\/schema\\\/logo\\\/image\\\/\",\"url\":\"https:\\\/\\\/www.hotelalmirante.com\\\/wp-content\\\/uploads\\\/2025\\\/12\\\/logo_opengraph.png\",\"contentUrl\":\"https:\\\/\\\/www.hotelalmirante.com\\\/wp-content\\\/uploads\\\/2025\\\/12\\\/logo_opengraph.png\",\"width\":200,\"height\":200,\"caption\":\"Hotel Almirante\"},\"image\":{\"@id\":\"https:\\\/\\\/www.hotelalmirante.com\\\/fr\\\/#\\\/schema\\\/logo\\\/image\\\/\"}}]}<\/script>\n<!-- \/ Yoast SEO plugin. -->","yoast_head_json":{"title":"Mentions l\u00e9gales - Hotel Almirante","robots":{"index":"index","follow":"follow","max-snippet":"max-snippet:-1","max-image-preview":"max-image-preview:large","max-video-preview":"max-video-preview:-1"},"canonical":"https:\/\/www.hotelalmirante.com\/fr\/mentions-legales\/","og_locale":"fr_FR","og_type":"article","og_title":"Mentions l\u00e9gales - Hotel Almirante","og_description":"CONDITIONS D&rsquo;UTILISATION DE CE SITE WEBCuenca Miralles S.L. en tant que responsable du site web, conform\u00e9ment aux dispositions du r\u00e8glement (UE) 2016\/679 du 27 avril 2016 (RGPD) relatif \u00e0 la protection des personnes physiques \u00e0 l&rsquo;\u00e9gard du traitement des donn\u00e9es \u00e0 caract\u00e8re personnel et \u00e0 la libre circulation de ces donn\u00e9es et aux autres r\u00e9glementations [&hellip;]","og_url":"https:\/\/www.hotelalmirante.com\/fr\/mentions-legales\/","og_site_name":"Hotel Almirante","article_modified_time":"2025-12-10T11:38:07+00:00","twitter_card":"summary_large_image","twitter_misc":{"Dur\u00e9e de lecture estim\u00e9e":"11 minutes"},"schema":{"@context":"https:\/\/schema.org","@graph":[{"@type":"WebPage","@id":"https:\/\/www.hotelalmirante.com\/fr\/mentions-legales\/","url":"https:\/\/www.hotelalmirante.com\/fr\/mentions-legales\/","name":"Mentions l\u00e9gales - Hotel Almirante","isPartOf":{"@id":"https:\/\/www.hotelalmirante.com\/fr\/#website"},"datePublished":"2025-11-26T11:46:58+00:00","dateModified":"2025-12-10T11:38:07+00:00","breadcrumb":{"@id":"https:\/\/www.hotelalmirante.com\/fr\/mentions-legales\/#breadcrumb"},"inLanguage":"fr-FR","potentialAction":[{"@type":"ReadAction","target":["https:\/\/www.hotelalmirante.com\/fr\/mentions-legales\/"]}]},{"@type":"BreadcrumbList","@id":"https:\/\/www.hotelalmirante.com\/fr\/mentions-legales\/#breadcrumb","itemListElement":[{"@type":"ListItem","position":1,"name":"Home","item":"https:\/\/www.hotelalmirante.com\/fr\/"},{"@type":"ListItem","position":2,"name":"Mentions l\u00e9gales"}]},{"@type":"WebSite","@id":"https:\/\/www.hotelalmirante.com\/fr\/#website","url":"https:\/\/www.hotelalmirante.com\/fr\/","name":"Hotel Almirante","description":"","publisher":{"@id":"https:\/\/www.hotelalmirante.com\/fr\/#organization"},"potentialAction":[{"@type":"SearchAction","target":{"@type":"EntryPoint","urlTemplate":"https:\/\/www.hotelalmirante.com\/fr\/?s={search_term_string}"},"query-input":{"@type":"PropertyValueSpecification","valueRequired":true,"valueName":"search_term_string"}}],"inLanguage":"fr-FR"},{"@type":"Organization","@id":"https:\/\/www.hotelalmirante.com\/fr\/#organization","name":"Hotel Almirante","url":"https:\/\/www.hotelalmirante.com\/fr\/","logo":{"@type":"ImageObject","inLanguage":"fr-FR","@id":"https:\/\/www.hotelalmirante.com\/fr\/#\/schema\/logo\/image\/","url":"https:\/\/www.hotelalmirante.com\/wp-content\/uploads\/2025\/12\/logo_opengraph.png","contentUrl":"https:\/\/www.hotelalmirante.com\/wp-content\/uploads\/2025\/12\/logo_opengraph.png","width":200,"height":200,"caption":"Hotel Almirante"},"image":{"@id":"https:\/\/www.hotelalmirante.com\/fr\/#\/schema\/logo\/image\/"}}]}},"_links":{"self":[{"href":"https:\/\/www.hotelalmirante.com\/fr\/wp-json\/wp\/v2\/pages\/3909","targetHints":{"allow":["GET"]}}],"collection":[{"href":"https:\/\/www.hotelalmirante.com\/fr\/wp-json\/wp\/v2\/pages"}],"about":[{"href":"https:\/\/www.hotelalmirante.com\/fr\/wp-json\/wp\/v2\/types\/page"}],"author":[{"embeddable":true,"href":"https:\/\/www.hotelalmirante.com\/fr\/wp-json\/wp\/v2\/users\/3"}],"replies":[{"embeddable":true,"href":"https:\/\/www.hotelalmirante.com\/fr\/wp-json\/wp\/v2\/comments?post=3909"}],"version-history":[{"count":2,"href":"https:\/\/www.hotelalmirante.com\/fr\/wp-json\/wp\/v2\/pages\/3909\/revisions"}],"predecessor-version":[{"id":4337,"href":"https:\/\/www.hotelalmirante.com\/fr\/wp-json\/wp\/v2\/pages\/3909\/revisions\/4337"}],"wp:attachment":[{"href":"https:\/\/www.hotelalmirante.com\/fr\/wp-json\/wp\/v2\/media?parent=3909"}],"curies":[{"name":"wp","href":"https:\/\/api.w.org\/{rel}","templated":true}]}}