{"id":3905,"date":"2025-11-26T12:58:59","date_gmt":"2025-11-26T11:58:59","guid":{"rendered":"https:\/\/hotelalmirante.servidortigres.com\/politique-de-confidentialite\/"},"modified":"2025-12-10T12:38:18","modified_gmt":"2025-12-10T11:38:18","slug":"politique-de-confidentialite","status":"publish","type":"page","link":"https:\/\/www.hotelalmirante.com\/fr\/politique-de-confidentialite\/","title":{"rendered":"Politique de confidentialit\u00e9"},"content":{"rendered":"\t\t<div data-elementor-type=\"wp-page\" data-elementor-id=\"3905\" class=\"elementor elementor-3905 elementor-3891\" data-elementor-post-type=\"page\">\n\t\t\t\t<div class=\"elementor-element elementor-element-4bd8b6f heroparalax e-flex e-con-boxed e-con e-parent\" data-id=\"4bd8b6f\" data-element_type=\"container\" data-e-type=\"container\" data-settings=\"{&quot;background_background&quot;:&quot;classic&quot;}\">\n\t\t\t\t\t<div class=\"e-con-inner\">\n\t\t\t\t\t<\/div>\n\t\t\t\t<\/div>\n\t\t<div class=\"elementor-element elementor-element-66be060c e-flex e-con-boxed e-con e-parent\" data-id=\"66be060c\" data-element_type=\"container\" data-e-type=\"container\">\n\t\t\t\t\t<div class=\"e-con-inner\">\n\t\t\t\t<div class=\"elementor-element elementor-element-ee0795b elementor-widget elementor-widget-heading\" data-id=\"ee0795b\" data-element_type=\"widget\" data-e-type=\"widget\" data-widget_type=\"heading.default\">\n\t\t\t\t<div class=\"elementor-widget-container\">\n\t\t\t\t\t<h2 class=\"elementor-heading-title elementor-size-default\">Politique de confidentialit\u00e9<\/h2>\t\t\t\t<\/div>\n\t\t\t\t<\/div>\n\t\t\t\t<div class=\"elementor-element elementor-element-5867c137 text-style1 elementor-widget elementor-widget-text-editor\" data-id=\"5867c137\" data-element_type=\"widget\" data-e-type=\"widget\" data-widget_type=\"text-editor.default\">\n\t\t\t\t<div class=\"elementor-widget-container\">\n\t\t\t\t\t\t\t\t\tCette Politique de Confidentialit\u00e9 r\u00e9git le traitement des donn\u00e9es personnelles par CUENCA MIRALLES, S.L., en tant qu&rsquo;entreprise propri\u00e9taire du site web <a href=\"https:\/\/hotelalmirante.com\" target=\"_blank\" rel=\"noopener noreferrer nofollow\">www.hotelalmirante.com\r\n<\/a>, concernant les donn\u00e9es personnelles fournies par les utilisateurs de la page.<br><ol> <li>D\u00e9nomination sociale : CUENCA MIRALLES, S.L. <p>Num\u00e9ro d&rsquo;identification fiscale : B50030303<br>Inscrite au Registre du Commerce d&rsquo;Alicante, avec son si\u00e8ge social situ\u00e9 \u00e0 <a href=\"https:\/\/www.google.com\/maps\/search\/AVD+DE+NIZA+38,+03540+ALICANTE?entry=gmail&#038;source=g\" target=\"_blank\" rel=\"noopener noreferrer nofollow\">AVD DE NIZA 38, 03540 ALICANTE<\/a><br>Email : <a href=\"mailto:info@hotelalmirante.com\">info@hotelalmirante.com<\/a> T\u00e9l : +34 965 65 01 12<\/p> <\/li> <li>D\u00e9l\u00e9gu\u00e9 \u00e0 la protection des donn\u00e9es : Med Consultores <a href=\"mailto:elche@medconsultores.com\">elche@medconsultores.com<\/a><\/li> <li>L&rsquo;ENTREPRISE utilise les donn\u00e9es fournies par l&rsquo;utilisateur pour les objectifs suivants : <ul> <li>Permettre le d\u00e9veloppement, le respect et l&rsquo;ex\u00e9cution du contrat de vente li\u00e9 \u00e0 l&rsquo;achat de tout produit ou service publi\u00e9 sur le site web.<\/li> <li>R\u00e9pondre \u00e0 toutes les demandes des utilisateurs.<\/li> <li>Fournir \u00e0 l&rsquo;utilisateur des informations concernant des services ou produits susceptibles de l&rsquo;int\u00e9resser, y compris l&rsquo;envoi de communications commerciales par des moyens \u00e9lectroniques tels que des messages SMS ou MMS et des courriels, ainsi que la r\u00e9alisation d&rsquo;appels t\u00e9l\u00e9phoniques.<\/li> <\/ul> <\/li> <li>L&rsquo;int\u00e9r\u00eat l\u00e9gitime du responsable du traitement repose sur la relation commerciale ou contractuelle avec l&rsquo;utilisateur.<\/li> <li>Le destinataire de ces donn\u00e9es personnelles est le responsable du traitement lui-m\u00eame, et elles ne seront pas transf\u00e9r\u00e9es \u00e0 des tiers sauf en cas d&rsquo;obligation l\u00e9gale.<\/li> <li>Vos donn\u00e9es personnelles ne seront pas transf\u00e9r\u00e9es vers des pays tiers.<\/li> <li>Les donn\u00e9es fournies seront conserv\u00e9es tant que la relation commerciale sera maintenue ou pendant la dur\u00e9e n\u00e9cessaire pour respecter les obligations l\u00e9gales.<\/li> <li>En tant que responsable du traitement, l&rsquo;ENTREPRISE s&rsquo;engage \u00e0 respecter les termes \u00e9tablis par la loi, la confidentialit\u00e9 des informations personnelles fournies par les utilisateurs du site web, ainsi qu&rsquo;\u00e0 garantir l&rsquo;exercice de leurs droits d&rsquo;acc\u00e8s, de rectification, d&rsquo;effacement, de portabilit\u00e9 et d&rsquo;opposition au traitement de leurs donn\u00e9es. L&rsquo;utilisateur peut exercer ces droits en envoyant un e-mail \u00e0 l&rsquo;adresse protecciondatos@hotelalmirante.com. L&rsquo;utilisateur devra nous fournir une copie de sa carte d&rsquo;identit\u00e9 nationale, de son passeport ou de tout autre document justifiant son identit\u00e9.<\/li> <li>L&rsquo;utilisateur peut retirer son consentement au traitement de ses donn\u00e9es \u00e0 tout moment. Les utilisateurs peuvent s&rsquo;opposer \u00e0 recevoir des communications commerciales en se d\u00e9sabonnant des newsletters via le lien \u00ab\u00a0unsubscribe\u00a0\u00bb pr\u00e9sent dans toutes les newsletters ou en envoyant un e-mail \u00e0 l&rsquo;adresse protecciondatos@hotelalmirante.com<\/li> <li>Si l&rsquo;utilisateur consid\u00e8re que ses droits l\u00e9gaux n&rsquo;ont pas \u00e9t\u00e9 correctement pris en compte, il peut demander protection aupr\u00e8s de l&rsquo;autorit\u00e9 de contr\u00f4le AEPD.<\/li> <li>Les donn\u00e9es trait\u00e9es par l&rsquo;ENTREPRISE seront celles fournies par les utilisateurs de ce site web via les formulaires de collecte de donn\u00e9es correspondants, ainsi que, le cas \u00e9ch\u00e9ant, celles recueillies ou obtenues ult\u00e9rieurement pour satisfaire les objectifs pr\u00e9vus dans chaque cas. \u00c0 cet \u00e9gard, tous les champs marqu\u00e9s d&rsquo;un ast\u00e9risque (*) dans un formulaire doivent \u00eatre obligatoirement remplis, de sorte que l&rsquo;omission de l&rsquo;un d&rsquo;entre eux pourrait rendre impossible la fourniture des services demand\u00e9s.<\/li> <\/ol><br>De plus, en nous envoyant leurs donn\u00e9es via les formulaires pr\u00e9vus ou par e-mail aux bo\u00eetes de r\u00e9ception correspondantes, l&rsquo;utilisateur d\u00e9clare que les informations et les donn\u00e9es fournies sont exactes et v\u00e9ridiques, qu&rsquo;il a plus de 18 ans et qu&rsquo;il a la capacit\u00e9 l\u00e9gale de conclure des contrats.\t\t\t\t\t\t\t\t<\/div>\n\t\t\t\t<\/div>\n\t\t\t\t\t<\/div>\n\t\t\t\t<\/div>\n\t\t\t\t<\/div>\n\t\t","protected":false},"excerpt":{"rendered":"<p>Cette Politique de Confidentialit\u00e9 r\u00e9git le traitement des donn\u00e9es personnelles par CUENCA MIRALLES, S.L., en tant qu&rsquo;entreprise propri\u00e9taire du site web www.hotelalmirante.com , concernant les donn\u00e9es personnelles fournies par les utilisateurs de la page. D\u00e9nomination sociale : CUENCA MIRALLES, S.L. Num\u00e9ro d&rsquo;identification fiscale : B50030303Inscrite au Registre du Commerce d&rsquo;Alicante, avec son si\u00e8ge social situ\u00e9 [&hellip;]<\/p>\n","protected":false},"author":3,"featured_media":0,"parent":0,"menu_order":0,"comment_status":"closed","ping_status":"closed","template":"","meta":{"_acf_changed":false,"footnotes":""},"class_list":["post-3905","page","type-page","status-publish","hentry"],"acf":[],"yoast_head":"<!-- This site is optimized with the Yoast SEO plugin v27.5 - https:\/\/yoast.com\/product\/yoast-seo-wordpress\/ -->\n<title>Politique de confidentialit\u00e9 - Hotel Almirante<\/title>\n<meta name=\"robots\" content=\"index, follow, max-snippet:-1, max-image-preview:large, max-video-preview:-1\" \/>\n<link rel=\"canonical\" href=\"https:\/\/www.hotelalmirante.com\/fr\/politique-de-confidentialite\/\" \/>\n<meta property=\"og:locale\" content=\"fr_FR\" \/>\n<meta property=\"og:type\" content=\"article\" \/>\n<meta property=\"og:title\" content=\"Politique de confidentialit\u00e9 - Hotel Almirante\" \/>\n<meta property=\"og:description\" content=\"Cette Politique de Confidentialit\u00e9 r\u00e9git le traitement des donn\u00e9es personnelles par CUENCA MIRALLES, S.L., en tant qu&rsquo;entreprise propri\u00e9taire du site web www.hotelalmirante.com , concernant les donn\u00e9es personnelles fournies par les utilisateurs de la page. D\u00e9nomination sociale : CUENCA MIRALLES, S.L. Num\u00e9ro d&rsquo;identification fiscale : B50030303Inscrite au Registre du Commerce d&rsquo;Alicante, avec son si\u00e8ge social situ\u00e9 [&hellip;]\" \/>\n<meta property=\"og:url\" content=\"https:\/\/www.hotelalmirante.com\/fr\/politique-de-confidentialite\/\" \/>\n<meta property=\"og:site_name\" content=\"Hotel Almirante\" \/>\n<meta property=\"article:modified_time\" content=\"2025-12-10T11:38:18+00:00\" \/>\n<meta name=\"twitter:card\" content=\"summary_large_image\" \/>\n<meta name=\"twitter:label1\" content=\"Dur\u00e9e de lecture estim\u00e9e\" \/>\n\t<meta name=\"twitter:data1\" content=\"3 minutes\" \/>\n<script type=\"application\/ld+json\" class=\"yoast-schema-graph\">{\"@context\":\"https:\\\/\\\/schema.org\",\"@graph\":[{\"@type\":\"WebPage\",\"@id\":\"https:\\\/\\\/www.hotelalmirante.com\\\/fr\\\/politique-de-confidentialite\\\/\",\"url\":\"https:\\\/\\\/www.hotelalmirante.com\\\/fr\\\/politique-de-confidentialite\\\/\",\"name\":\"Politique de confidentialit\u00e9 - Hotel Almirante\",\"isPartOf\":{\"@id\":\"https:\\\/\\\/www.hotelalmirante.com\\\/fr\\\/#website\"},\"datePublished\":\"2025-11-26T11:58:59+00:00\",\"dateModified\":\"2025-12-10T11:38:18+00:00\",\"breadcrumb\":{\"@id\":\"https:\\\/\\\/www.hotelalmirante.com\\\/fr\\\/politique-de-confidentialite\\\/#breadcrumb\"},\"inLanguage\":\"fr-FR\",\"potentialAction\":[{\"@type\":\"ReadAction\",\"target\":[\"https:\\\/\\\/www.hotelalmirante.com\\\/fr\\\/politique-de-confidentialite\\\/\"]}]},{\"@type\":\"BreadcrumbList\",\"@id\":\"https:\\\/\\\/www.hotelalmirante.com\\\/fr\\\/politique-de-confidentialite\\\/#breadcrumb\",\"itemListElement\":[{\"@type\":\"ListItem\",\"position\":1,\"name\":\"Home\",\"item\":\"https:\\\/\\\/www.hotelalmirante.com\\\/fr\\\/\"},{\"@type\":\"ListItem\",\"position\":2,\"name\":\"Politique de confidentialit\u00e9\"}]},{\"@type\":\"WebSite\",\"@id\":\"https:\\\/\\\/www.hotelalmirante.com\\\/fr\\\/#website\",\"url\":\"https:\\\/\\\/www.hotelalmirante.com\\\/fr\\\/\",\"name\":\"Hotel Almirante\",\"description\":\"\",\"publisher\":{\"@id\":\"https:\\\/\\\/www.hotelalmirante.com\\\/fr\\\/#organization\"},\"potentialAction\":[{\"@type\":\"SearchAction\",\"target\":{\"@type\":\"EntryPoint\",\"urlTemplate\":\"https:\\\/\\\/www.hotelalmirante.com\\\/fr\\\/?s={search_term_string}\"},\"query-input\":{\"@type\":\"PropertyValueSpecification\",\"valueRequired\":true,\"valueName\":\"search_term_string\"}}],\"inLanguage\":\"fr-FR\"},{\"@type\":\"Organization\",\"@id\":\"https:\\\/\\\/www.hotelalmirante.com\\\/fr\\\/#organization\",\"name\":\"Hotel Almirante\",\"url\":\"https:\\\/\\\/www.hotelalmirante.com\\\/fr\\\/\",\"logo\":{\"@type\":\"ImageObject\",\"inLanguage\":\"fr-FR\",\"@id\":\"https:\\\/\\\/www.hotelalmirante.com\\\/fr\\\/#\\\/schema\\\/logo\\\/image\\\/\",\"url\":\"https:\\\/\\\/www.hotelalmirante.com\\\/wp-content\\\/uploads\\\/2025\\\/12\\\/logo_opengraph.png\",\"contentUrl\":\"https:\\\/\\\/www.hotelalmirante.com\\\/wp-content\\\/uploads\\\/2025\\\/12\\\/logo_opengraph.png\",\"width\":200,\"height\":200,\"caption\":\"Hotel Almirante\"},\"image\":{\"@id\":\"https:\\\/\\\/www.hotelalmirante.com\\\/fr\\\/#\\\/schema\\\/logo\\\/image\\\/\"}}]}<\/script>\n<!-- \/ Yoast SEO plugin. -->","yoast_head_json":{"title":"Politique de confidentialit\u00e9 - Hotel Almirante","robots":{"index":"index","follow":"follow","max-snippet":"max-snippet:-1","max-image-preview":"max-image-preview:large","max-video-preview":"max-video-preview:-1"},"canonical":"https:\/\/www.hotelalmirante.com\/fr\/politique-de-confidentialite\/","og_locale":"fr_FR","og_type":"article","og_title":"Politique de confidentialit\u00e9 - Hotel Almirante","og_description":"Cette Politique de Confidentialit\u00e9 r\u00e9git le traitement des donn\u00e9es personnelles par CUENCA MIRALLES, S.L., en tant qu&rsquo;entreprise propri\u00e9taire du site web www.hotelalmirante.com , concernant les donn\u00e9es personnelles fournies par les utilisateurs de la page. D\u00e9nomination sociale : CUENCA MIRALLES, S.L. Num\u00e9ro d&rsquo;identification fiscale : B50030303Inscrite au Registre du Commerce d&rsquo;Alicante, avec son si\u00e8ge social situ\u00e9 [&hellip;]","og_url":"https:\/\/www.hotelalmirante.com\/fr\/politique-de-confidentialite\/","og_site_name":"Hotel Almirante","article_modified_time":"2025-12-10T11:38:18+00:00","twitter_card":"summary_large_image","twitter_misc":{"Dur\u00e9e de lecture estim\u00e9e":"3 minutes"},"schema":{"@context":"https:\/\/schema.org","@graph":[{"@type":"WebPage","@id":"https:\/\/www.hotelalmirante.com\/fr\/politique-de-confidentialite\/","url":"https:\/\/www.hotelalmirante.com\/fr\/politique-de-confidentialite\/","name":"Politique de confidentialit\u00e9 - Hotel Almirante","isPartOf":{"@id":"https:\/\/www.hotelalmirante.com\/fr\/#website"},"datePublished":"2025-11-26T11:58:59+00:00","dateModified":"2025-12-10T11:38:18+00:00","breadcrumb":{"@id":"https:\/\/www.hotelalmirante.com\/fr\/politique-de-confidentialite\/#breadcrumb"},"inLanguage":"fr-FR","potentialAction":[{"@type":"ReadAction","target":["https:\/\/www.hotelalmirante.com\/fr\/politique-de-confidentialite\/"]}]},{"@type":"BreadcrumbList","@id":"https:\/\/www.hotelalmirante.com\/fr\/politique-de-confidentialite\/#breadcrumb","itemListElement":[{"@type":"ListItem","position":1,"name":"Home","item":"https:\/\/www.hotelalmirante.com\/fr\/"},{"@type":"ListItem","position":2,"name":"Politique de confidentialit\u00e9"}]},{"@type":"WebSite","@id":"https:\/\/www.hotelalmirante.com\/fr\/#website","url":"https:\/\/www.hotelalmirante.com\/fr\/","name":"Hotel Almirante","description":"","publisher":{"@id":"https:\/\/www.hotelalmirante.com\/fr\/#organization"},"potentialAction":[{"@type":"SearchAction","target":{"@type":"EntryPoint","urlTemplate":"https:\/\/www.hotelalmirante.com\/fr\/?s={search_term_string}"},"query-input":{"@type":"PropertyValueSpecification","valueRequired":true,"valueName":"search_term_string"}}],"inLanguage":"fr-FR"},{"@type":"Organization","@id":"https:\/\/www.hotelalmirante.com\/fr\/#organization","name":"Hotel Almirante","url":"https:\/\/www.hotelalmirante.com\/fr\/","logo":{"@type":"ImageObject","inLanguage":"fr-FR","@id":"https:\/\/www.hotelalmirante.com\/fr\/#\/schema\/logo\/image\/","url":"https:\/\/www.hotelalmirante.com\/wp-content\/uploads\/2025\/12\/logo_opengraph.png","contentUrl":"https:\/\/www.hotelalmirante.com\/wp-content\/uploads\/2025\/12\/logo_opengraph.png","width":200,"height":200,"caption":"Hotel Almirante"},"image":{"@id":"https:\/\/www.hotelalmirante.com\/fr\/#\/schema\/logo\/image\/"}}]}},"_links":{"self":[{"href":"https:\/\/www.hotelalmirante.com\/fr\/wp-json\/wp\/v2\/pages\/3905","targetHints":{"allow":["GET"]}}],"collection":[{"href":"https:\/\/www.hotelalmirante.com\/fr\/wp-json\/wp\/v2\/pages"}],"about":[{"href":"https:\/\/www.hotelalmirante.com\/fr\/wp-json\/wp\/v2\/types\/page"}],"author":[{"embeddable":true,"href":"https:\/\/www.hotelalmirante.com\/fr\/wp-json\/wp\/v2\/users\/3"}],"replies":[{"embeddable":true,"href":"https:\/\/www.hotelalmirante.com\/fr\/wp-json\/wp\/v2\/comments?post=3905"}],"version-history":[{"count":4,"href":"https:\/\/www.hotelalmirante.com\/fr\/wp-json\/wp\/v2\/pages\/3905\/revisions"}],"predecessor-version":[{"id":4354,"href":"https:\/\/www.hotelalmirante.com\/fr\/wp-json\/wp\/v2\/pages\/3905\/revisions\/4354"}],"wp:attachment":[{"href":"https:\/\/www.hotelalmirante.com\/fr\/wp-json\/wp\/v2\/media?parent=3905"}],"curies":[{"name":"wp","href":"https:\/\/api.w.org\/{rel}","templated":true}]}}